{"id":13,"date":"2025-09-22T10:09:43","date_gmt":"2025-09-22T08:09:43","guid":{"rendered":"https:\/\/lyon.theelthub.com\/?page_id=13"},"modified":"2025-12-29T13:45:20","modified_gmt":"2025-12-29T12:45:20","slug":"le-centre","status":"publish","type":"page","link":"https:\/\/lyon.theelthub.com\/fr\/le-centre\/","title":{"rendered":"Le Centre"},"content":{"rendered":"<p>The ELT Hub a d\u00e9plac\u00e9 ses cours \u00e0 Lyon en plein c\u0153ur de la ville dans un magnifique b\u00e2timent appel\u00e9 l\u2019Escale Lyonnaise.<\/p>\n\n\n\n<figure class=\"wp-block-image size-full\"><img loading=\"lazy\" decoding=\"async\" width=\"800\" height=\"533\" src=\"https:\/\/lyon.theelthub.com\/wp-content\/uploads\/sites\/4\/2025\/09\/Ext-Escale-Lyonnaise.png\" alt=\"\" class=\"wp-image-16\" srcset=\"https:\/\/lyon.theelthub.com\/wp-content\/uploads\/sites\/4\/2025\/09\/Ext-Escale-Lyonnaise.png 800w, https:\/\/lyon.theelthub.com\/wp-content\/uploads\/sites\/4\/2025\/09\/Ext-Escale-Lyonnaise-300x200.png 300w, https:\/\/lyon.theelthub.com\/wp-content\/uploads\/sites\/4\/2025\/09\/Ext-Escale-Lyonnaise-768x512.png 768w, https:\/\/lyon.theelthub.com\/wp-content\/uploads\/sites\/4\/2025\/09\/Ext-Escale-Lyonnaise-18x12.png 18w\" sizes=\"auto, (max-width: 800px) 100vw, 800px\" \/><\/figure>\n\n\n\n<p>Le b\u00e2timent est bien \u00e9quip\u00e9, tr\u00e8s accueillant et dispose de son propre restaurant self-service et d\u2019une agr\u00e9able cour ombrag\u00e9e.<\/p>\n\n\n\n<figure class=\"wp-block-image size-large is-resized\"><img loading=\"lazy\" decoding=\"async\" width=\"1024\" height=\"683\" src=\"https:\/\/lyon.theelthub.com\/wp-content\/uploads\/sites\/4\/2025\/09\/ESPACE-SALON-1024x683.jpg\" alt=\"Le centre Lyonnais\" class=\"wp-image-92\" style=\"aspect-ratio:16\/9;object-fit:cover;width:700px\" srcset=\"https:\/\/lyon.theelthub.com\/wp-content\/uploads\/sites\/4\/2025\/09\/ESPACE-SALON-1024x683.jpg 1024w, https:\/\/lyon.theelthub.com\/wp-content\/uploads\/sites\/4\/2025\/09\/ESPACE-SALON-300x200.jpg 300w, https:\/\/lyon.theelthub.com\/wp-content\/uploads\/sites\/4\/2025\/09\/ESPACE-SALON-768x512.jpg 768w, https:\/\/lyon.theelthub.com\/wp-content\/uploads\/sites\/4\/2025\/09\/ESPACE-SALON-18x12.jpg 18w, https:\/\/lyon.theelthub.com\/wp-content\/uploads\/sites\/4\/2025\/09\/ESPACE-SALON.jpg 1500w\" sizes=\"auto, (max-width: 1024px) 100vw, 1024px\" \/><\/figure>\n\n\n\n<p>Des imprimantes sont disponibles sur place et le Wi-Fi est disponible dans tout l\u2019immeuble. La station de m\u00e9tro la plus proche est \u00ab Foch \u00bb et de nombreuses lignes de bus passent devant l\u2019immeuble, situ\u00e9 dans le 6e arrondissement.<\/p>","protected":false},"excerpt":{"rendered":"<p>The ELT Hub has moved its courses in Lyon right to the very heart of the city to a beautiful building called l\u2019Escale Lyonnaise. The building is well equipped, very welcoming and has its own self-service restaurant and a pleasant shaded courtyard. There are printing facilities on site and wi-fi throughout the building. The nearest [&hellip;]<\/p>\n","protected":false},"author":1,"featured_media":0,"parent":0,"menu_order":0,"comment_status":"closed","ping_status":"closed","template":"template-page","meta":{"footnotes":""},"class_list":["post-13","page","type-page","status-publish","hentry"],"_links":{"self":[{"href":"https:\/\/lyon.theelthub.com\/fr\/wp-json\/wp\/v2\/pages\/13","targetHints":{"allow":["GET"]}}],"collection":[{"href":"https:\/\/lyon.theelthub.com\/fr\/wp-json\/wp\/v2\/pages"}],"about":[{"href":"https:\/\/lyon.theelthub.com\/fr\/wp-json\/wp\/v2\/types\/page"}],"author":[{"embeddable":true,"href":"https:\/\/lyon.theelthub.com\/fr\/wp-json\/wp\/v2\/users\/1"}],"replies":[{"embeddable":true,"href":"https:\/\/lyon.theelthub.com\/fr\/wp-json\/wp\/v2\/comments?post=13"}],"version-history":[{"count":5,"href":"https:\/\/lyon.theelthub.com\/fr\/wp-json\/wp\/v2\/pages\/13\/revisions"}],"predecessor-version":[{"id":148,"href":"https:\/\/lyon.theelthub.com\/fr\/wp-json\/wp\/v2\/pages\/13\/revisions\/148"}],"wp:attachment":[{"href":"https:\/\/lyon.theelthub.com\/fr\/wp-json\/wp\/v2\/media?parent=13"}],"curies":[{"name":"wp","href":"https:\/\/api.w.org\/{rel}","templated":true}]}}