{"id":18,"date":"2025-09-22T10:22:13","date_gmt":"2025-09-22T08:22:13","guid":{"rendered":"https:\/\/lyon.theelthub.com\/?page_id=18"},"modified":"2026-03-12T16:40:16","modified_gmt":"2026-03-12T15:40:16","slug":"dates-et-tarifs","status":"publish","type":"page","link":"https:\/\/lyon.theelthub.com\/fr\/dates-et-tarifs\/","title":{"rendered":"Dates et Tarifs"},"content":{"rendered":"<p class=\"has-text-color has-link-color wp-elements-d2a808f39feb72601b044fa059b2ea7c\" style=\"color:#de2727\">Le programme CELTA est \u00e9ligible aux financements CPF et France Travail. Contactez-nous pour plus d\u2019informations.<\/p>\n\n\n\n<h4 class=\"wp-block-heading\"><strong>Prix:<\/strong><br><\/h4>\n\n\n\n<p>Tous nos cours CELTA co\u00fbtent 1 980 \u20ac<\/p>\n\n\n\n<p>Remarque : Les journ\u00e9es de formation CELTA ont lieu m\u00eame les jours f\u00e9ri\u00e9s.<\/p>\n\n\n\n<div style=\"height:10px\" aria-hidden=\"true\" class=\"wp-block-spacer\"><\/div>\n\n\n\n<div style=\"height:10px\" aria-hidden=\"true\" class=\"wp-block-spacer\"><\/div>\n\n\n\n<h2 class=\"wp-block-heading\" style=\"margin-top:var(--wp--preset--spacing--30);margin-bottom:var(--wp--preset--spacing--30)\"><strong>CELTA 2026<\/strong><br><\/h2>\n\n\n\n<p style=\"margin-top:0;margin-bottom:0\">These two sessions in Lyon will be \u2018Blended\u2019. That is to say, each session is divided with the first half in Lyon, face to face, at L\u2019Escale Lyonnais, 100 rue de Cr\u00e9qui, 69006 Lyon, and the second half in real synchronous remotely via zoom.<\/p>\n\n\n\n<ul style=\"margin-bottom:var(--wp--preset--spacing--30)\" class=\"wp-block-list\">\n<li style=\"margin-top:0;margin-bottom:0\">2 f\u00e9vrier \u2013 5 mars<\/li>\n\n\n\n<li>7 avril au 7 mai<\/li>\n<\/ul>\n\n\n\n<p style=\"margin-top:0;margin-bottom:0\">Nous ajouterons une session \u00e0 Lyon \u00e0 l\u2019automne ult\u00e9rieurement.<\/p>","protected":false},"excerpt":{"rendered":"<p>CELTA is eligible for CPF and France Travail financing. Contact us for details. Price: All our CELTA courses cost \u20ac1,980 Note: CELTA training days take place even on public holidays. CELTA 2026 These two sessions in Lyon will be \u2018Blended\u2019. That is to say, each session is divided with the first half in Lyon, face [&hellip;]<\/p>\n","protected":false},"author":1,"featured_media":0,"parent":0,"menu_order":0,"comment_status":"closed","ping_status":"closed","template":"template-page","meta":{"footnotes":""},"class_list":["post-18","page","type-page","status-publish","hentry"],"_links":{"self":[{"href":"https:\/\/lyon.theelthub.com\/fr\/wp-json\/wp\/v2\/pages\/18","targetHints":{"allow":["GET"]}}],"collection":[{"href":"https:\/\/lyon.theelthub.com\/fr\/wp-json\/wp\/v2\/pages"}],"about":[{"href":"https:\/\/lyon.theelthub.com\/fr\/wp-json\/wp\/v2\/types\/page"}],"author":[{"embeddable":true,"href":"https:\/\/lyon.theelthub.com\/fr\/wp-json\/wp\/v2\/users\/1"}],"replies":[{"embeddable":true,"href":"https:\/\/lyon.theelthub.com\/fr\/wp-json\/wp\/v2\/comments?post=18"}],"version-history":[{"count":10,"href":"https:\/\/lyon.theelthub.com\/fr\/wp-json\/wp\/v2\/pages\/18\/revisions"}],"predecessor-version":[{"id":160,"href":"https:\/\/lyon.theelthub.com\/fr\/wp-json\/wp\/v2\/pages\/18\/revisions\/160"}],"wp:attachment":[{"href":"https:\/\/lyon.theelthub.com\/fr\/wp-json\/wp\/v2\/media?parent=18"}],"curies":[{"name":"wp","href":"https:\/\/api.w.org\/{rel}","templated":true}]}}