{"id":23,"date":"2025-09-22T10:26:26","date_gmt":"2025-09-22T08:26:26","guid":{"rendered":"https:\/\/lyon.theelthub.com\/?page_id=23"},"modified":"2025-12-29T13:50:07","modified_gmt":"2025-12-29T12:50:07","slug":"hebergements","status":"publish","type":"page","link":"https:\/\/lyon.theelthub.com\/fr\/hebergements\/","title":{"rendered":"H\u00e9bergements"},"content":{"rendered":"<figure class=\"wp-block-image size-full\"><img loading=\"lazy\" decoding=\"async\" width=\"653\" height=\"292\" src=\"https:\/\/lyon.theelthub.com\/wp-content\/uploads\/sites\/4\/2025\/09\/lyonaccommodation.jpg\" alt=\"\" class=\"wp-image-24\" srcset=\"https:\/\/lyon.theelthub.com\/wp-content\/uploads\/sites\/4\/2025\/09\/lyonaccommodation.jpg 653w, https:\/\/lyon.theelthub.com\/wp-content\/uploads\/sites\/4\/2025\/09\/lyonaccommodation-300x134.jpg 300w, https:\/\/lyon.theelthub.com\/wp-content\/uploads\/sites\/4\/2025\/09\/lyonaccommodation-18x8.jpg 18w\" sizes=\"auto, (max-width: 653px) 100vw, 653px\" \/><\/figure>\n\n\n\n<p>Lyon est une grande ville dot\u00e9e d\u2019un r\u00e9seau de m\u00e9tro tr\u00e8s performant. Nous s\u00e9lectionnons nos familles d\u2019accueil en fonction de leur proximit\u00e9 avec une station de m\u00e9tro, afin de pouvoir \u00e9valuer la dur\u00e9e de votre trajet jusqu\u2019au centre CELTA. Nous proposons diff\u00e9rentes familles d\u2019accueil qui seront ravies de vous accueillir. Vous disposerez toujours d\u2019une chambre individuelle, d\u2019une cuisine \u00e0 disposition et d\u2019un acc\u00e8s Wi-Fi. Le prix est g\u00e9n\u00e9ralement compris entre 400 et 450 \u20ac pour les quatre semaines de votre s\u00e9jour. Nous proposons \u00e9galement des h\u00e9bergements ind\u00e9pendants, g\u00e9n\u00e9ralement plus on\u00e9reux.<\/p>\n\n\n\n<p>Les maisons lyonnaises sont r\u00e9put\u00e9es pour leur charme et leur architecture soign\u00e9e. \u00catre entour\u00e9 de beaux paysages contribue \u00e0 rendre votre CELTA encore plus exceptionnel !<\/p>\n\n\n\n<p>Nous vous envoyons une liste de nos options d\u2019h\u00e9bergement au moins un mois avant le d\u00e9but du cours afin que vous puissiez organiser votre s\u00e9jour bien \u00e0 l\u2019avance et contacter vos h\u00f4tes, qui sont souvent dispos\u00e9s \u00e0 venir vous accueillir \u00e0 la gare ou \u00e0 l\u2019a\u00e9roport.<\/p>","protected":false},"excerpt":{"rendered":"<p>Lyon is a large city with a very efficient metro system. We pick our host families with careful attention to their proximity to a metro station so that we can tell how how long your journey to the CELTA centre is. We have a variety of host families who are happy to have you to [&hellip;]<\/p>\n","protected":false},"author":1,"featured_media":0,"parent":0,"menu_order":0,"comment_status":"closed","ping_status":"closed","template":"template-page","meta":{"footnotes":""},"class_list":["post-23","page","type-page","status-publish","hentry"],"_links":{"self":[{"href":"https:\/\/lyon.theelthub.com\/fr\/wp-json\/wp\/v2\/pages\/23","targetHints":{"allow":["GET"]}}],"collection":[{"href":"https:\/\/lyon.theelthub.com\/fr\/wp-json\/wp\/v2\/pages"}],"about":[{"href":"https:\/\/lyon.theelthub.com\/fr\/wp-json\/wp\/v2\/types\/page"}],"author":[{"embeddable":true,"href":"https:\/\/lyon.theelthub.com\/fr\/wp-json\/wp\/v2\/users\/1"}],"replies":[{"embeddable":true,"href":"https:\/\/lyon.theelthub.com\/fr\/wp-json\/wp\/v2\/comments?post=23"}],"version-history":[{"count":6,"href":"https:\/\/lyon.theelthub.com\/fr\/wp-json\/wp\/v2\/pages\/23\/revisions"}],"predecessor-version":[{"id":151,"href":"https:\/\/lyon.theelthub.com\/fr\/wp-json\/wp\/v2\/pages\/23\/revisions\/151"}],"wp:attachment":[{"href":"https:\/\/lyon.theelthub.com\/fr\/wp-json\/wp\/v2\/media?parent=23"}],"curies":[{"name":"wp","href":"https:\/\/api.w.org\/{rel}","templated":true}]}}