{"id":6,"date":"2025-09-22T09:55:26","date_gmt":"2025-09-22T07:55:26","guid":{"rendered":"https:\/\/lyon.theelthub.com\/?page_id=6"},"modified":"2025-12-29T13:38:54","modified_gmt":"2025-12-29T12:38:54","slug":"elt-lyon","status":"publish","type":"page","link":"https:\/\/lyon.theelthub.com\/fr\/","title":{"rendered":"The ELT Lyon"},"content":{"rendered":"<div class=\"wp-block-group carousel-head-pages has-global-padding is-layout-constrained wp-container-core-group-is-layout-8dd13e6d wp-block-group-is-layout-constrained\" style=\"padding-right:var(--wp--preset--spacing--60);padding-left:var(--wp--preset--spacing--60)\">\n<div class=\"wp-block-gutsliders-photo-carousel gutslider-d5434c3e nav_outside nav_cc has__pagination\" data-swiper-options=\"{&quot;slidesPerView&quot;:1,&quot;spaceBetween&quot;:0,&quot;loop&quot;:true,&quot;autoplay&quot;:{&quot;delay&quot;:1000,&quot;pauseOnMouseEnter&quot;:true,&quot;stopOnLastSlide&quot;:false,&quot;reverseDirection&quot;:false},&quot;speed&quot;:800,&quot;effect&quot;:&quot;slide&quot;,&quot;keyboard&quot;:{&quot;enabled&quot;:false},&quot;mousewheel&quot;:false,&quot;breakpoints&quot;:{&quot;320&quot;:{&quot;slidesPerView&quot;:1,&quot;spaceBetween&quot;:0},&quot;768&quot;:{&quot;slidesPerView&quot;:2,&quot;spaceBetween&quot;:15},&quot;1025&quot;:{&quot;slidesPerView&quot;:&quot;1&quot;,&quot;spaceBetween&quot;:15}},&quot;navigation&quot;:{&quot;nextEl&quot;:&quot;.gutslider-d5434c3e .swiper-button-next&quot;,&quot;prevEl&quot;:&quot;.gutslider-d5434c3e .swiper-button-prev&quot;},&quot;pagination&quot;:{&quot;el&quot;:&quot;.gutslider-d5434c3e .swiper-pagination&quot;,&quot;type&quot;:&quot;bullets&quot;,&quot;dynamicBullets&quot;:false,&quot;clickable&quot;:true}}\"><div class=\"swiper\"><div class=\"swiper-wrapper\"><div class=\"swiper-slide\"><div class=\"swiper-container-outer none\"><img decoding=\"async\" src=\"http:\/\/lyon.theelthub.com\/wp-content\/uploads\/sites\/4\/2025\/09\/lyonregion3.jpg\" alt=\"R\u00e9gion Lyonnaise\"\/><\/div><\/div><div class=\"swiper-slide\"><div class=\"swiper-container-outer none\"><img decoding=\"async\" src=\"http:\/\/lyon.theelthub.com\/wp-content\/uploads\/sites\/4\/2025\/09\/lyonregion2.jpg\" alt=\"R\u00e9gion Lyonnaise\"\/><\/div><\/div><div class=\"swiper-slide\"><div class=\"swiper-container-outer none\"><img decoding=\"async\" src=\"http:\/\/lyon.theelthub.com\/wp-content\/uploads\/sites\/4\/2025\/09\/lyonregion1.jpg\" alt=\"R\u00e9gion Lyonnaise\"\/><\/div><\/div><div class=\"swiper-slide\"><div class=\"swiper-container-outer none\"><img decoding=\"async\" src=\"http:\/\/lyon.theelthub.com\/wp-content\/uploads\/sites\/4\/2025\/09\/lyon-featured9.jpg\" alt=\"R\u00e9gion Lyonnaise\"\/><\/div><\/div><div class=\"swiper-slide\"><div class=\"swiper-container-outer none\"><img decoding=\"async\" src=\"http:\/\/lyon.theelthub.com\/wp-content\/uploads\/sites\/4\/2025\/09\/lyon-featured1.jpg\" alt=\"R\u00e9gion Lyonnaise\"\/><\/div><\/div><div class=\"swiper-slide\"><div class=\"swiper-container-outer none\"><img decoding=\"async\" src=\"http:\/\/lyon.theelthub.com\/wp-content\/uploads\/sites\/4\/2025\/09\/lyon-featured3.jpg\" alt=\"R\u00e9gion Lyonnaise\"\/><\/div><\/div><div class=\"swiper-slide\"><div class=\"swiper-container-outer none\"><img decoding=\"async\" src=\"http:\/\/lyon.theelthub.com\/wp-content\/uploads\/sites\/4\/2025\/09\/lyon-featured2.jpg\" alt=\"R\u00e9gion Lyonnaise\"\/><\/div><\/div><div class=\"swiper-slide\"><div class=\"swiper-container-outer none\"><img decoding=\"async\" src=\"http:\/\/lyon.theelthub.com\/wp-content\/uploads\/sites\/4\/2025\/09\/lyon-featured4.jpg\" alt=\"R\u00e9gion Lyonnaise\"\/><\/div><\/div><div class=\"swiper-slide\"><div class=\"swiper-container-outer none\"><img decoding=\"async\" src=\"http:\/\/lyon.theelthub.com\/wp-content\/uploads\/sites\/4\/2025\/09\/lyon-featured5.jpg\" alt=\"R\u00e9gion Lyonnaise\"\/><\/div><\/div><div class=\"swiper-slide\"><div class=\"swiper-container-outer none\"><img decoding=\"async\" src=\"http:\/\/lyon.theelthub.com\/wp-content\/uploads\/sites\/4\/2025\/09\/lyon-featured6.jpg\" alt=\"R\u00e9gion Lyonnaise\"\/><\/div><\/div><div class=\"swiper-slide\"><div class=\"swiper-container-outer none\"><img decoding=\"async\" src=\"http:\/\/lyon.theelthub.com\/wp-content\/uploads\/sites\/4\/2025\/09\/lyon-featured7.jpg\" alt=\"R\u00e9gion Lyonnaise\"\/><\/div><\/div><div class=\"swiper-slide\"><div class=\"swiper-container-outer none\"><img decoding=\"async\" src=\"http:\/\/lyon.theelthub.com\/wp-content\/uploads\/sites\/4\/2025\/09\/lyon-featured8.jpg\" alt=\"R\u00e9gion Lyonnaise\"\/><\/div><\/div><\/div><\/div><div class=\"swiper-pagination\"><\/div><div class=\"gutslider-nav nav_outside nav_cc\"><div class=\"swiper-button-prev\"><\/div><div class=\"swiper-button-next\"><\/div><\/div><\/div>\n<\/div>\n\n\n\n<h1 class=\"wp-block-heading has-text-align-center\" style=\"margin-top:var(--wp--preset--spacing--60);margin-bottom:var(--wp--preset--spacing--50)\">The ELT Hub Lyon<\/h1>\n\n\n\n<p>Venez passer votre CELTA \u00e0 Lyon et profiter d\u2019une des plus belles villes de France. Lyon est connue pour son architecture magnifique, sa gastronomie exquise et son style de vie m\u00e9diterran\u00e9en. Les terrasses des caf\u00e9s du quartier m\u00e9di\u00e9val historique sont toujours pleines de gens occup\u00e9s \u00e0 \u00e9changer et \u00e0 profiter de la vie.<\/p>\n\n\n\n<p>Lyon est le c\u0153ur \u00e9conomique battant de la r\u00e9gion Auvergne \u2013 Rh\u00f4ne Alpes. La ville a toujours \u00e9t\u00e9 un centre \u00e9conomique important en France, tout d\u2019abord comme centre majeur de l\u2019industrie de la soie. De nos jours, Lyon est connue comme la capitale Fran\u00e7aise des industries pharmaceutiques et m\u00e9dicales, offrant ainsi des opportunit\u00e9s d\u2019emploi dans la formation en langues au sein des entreprises. C\u2019est aussi, bien s\u00fbr, la ville de naissance du cin\u00e9ma, toujours fi\u00e8re de rendre hommage aux l\u00e9gendaires fr\u00e8res Lumi\u00e8re avec sa magnifique f\u00eate des lumi\u00e8res, en hiver.<\/p>\n\n\n\n<p>Nos formations CELTA se d\u00e9roulent \u00e0 Lyon en centre ville \u00e0 L\u2019Escale Lyonnaise situ\u00e9 dans le 6<sup>e<\/sup>&nbsp;arrondissement. Vous vous sentirez \u00e0 l\u2019aise et bien accueillis. Nous vous aiderons aussi \u00e0 trouver un logement le temps de votre s\u00e9jour et disposons d\u2019un large r\u00e9seau en ville d\u2019h\u00e9bergements ind\u00e9pendants ou chez l\u2019habitant.<\/p>","protected":false},"excerpt":{"rendered":"<p>The ELT Hub Lyon Come to Lyon for your CELTA and take advantage of one of France\u2019s most beautiful cities. Lyon is known for its stunning architecture, wonderful food and mediterranean lifetsyle; the terrases of the caf\u00e9s in the medieval historic quarter are always full of people exchanging news and views and generally enjoying life. [&hellip;]<\/p>\n","protected":false},"author":1,"featured_media":0,"parent":0,"menu_order":0,"comment_status":"closed","ping_status":"closed","template":"template-page_no_title","meta":{"footnotes":""},"class_list":["post-6","page","type-page","status-publish","hentry"],"_links":{"self":[{"href":"https:\/\/lyon.theelthub.com\/fr\/wp-json\/wp\/v2\/pages\/6","targetHints":{"allow":["GET"]}}],"collection":[{"href":"https:\/\/lyon.theelthub.com\/fr\/wp-json\/wp\/v2\/pages"}],"about":[{"href":"https:\/\/lyon.theelthub.com\/fr\/wp-json\/wp\/v2\/types\/page"}],"author":[{"embeddable":true,"href":"https:\/\/lyon.theelthub.com\/fr\/wp-json\/wp\/v2\/users\/1"}],"replies":[{"embeddable":true,"href":"https:\/\/lyon.theelthub.com\/fr\/wp-json\/wp\/v2\/comments?post=6"}],"version-history":[{"count":15,"href":"https:\/\/lyon.theelthub.com\/fr\/wp-json\/wp\/v2\/pages\/6\/revisions"}],"predecessor-version":[{"id":147,"href":"https:\/\/lyon.theelthub.com\/fr\/wp-json\/wp\/v2\/pages\/6\/revisions\/147"}],"wp:attachment":[{"href":"https:\/\/lyon.theelthub.com\/fr\/wp-json\/wp\/v2\/media?parent=6"}],"curies":[{"name":"wp","href":"https:\/\/api.w.org\/{rel}","templated":true}]}}